{"id":9625,"date":"2024-09-22T06:47:45","date_gmt":"2024-09-22T06:47:45","guid":{"rendered":"https:\/\/webbagenten.se\/?page_id=9625"},"modified":"2024-09-22T16:37:34","modified_gmt":"2024-09-22T16:37:34","slug":"fotograf-media","status":"publish","type":"page","link":"https:\/\/webbagenten.se\/en\/fotograf-media\/","title":{"rendered":"Fotograf &amp; Media"},"content":{"rendered":"<div data-elementor-type=\"wp-page\" data-elementor-id=\"9625\" class=\"elementor elementor-9625\" data-elementor-settings=\"{&quot;ha_cmc_init_switcher&quot;:&quot;no&quot;,&quot;element_pack_global_tooltip_width&quot;:{&quot;unit&quot;:&quot;px&quot;,&quot;size&quot;:&quot;&quot;,&quot;sizes&quot;:[]},&quot;element_pack_global_tooltip_width_tablet&quot;:{&quot;unit&quot;:&quot;px&quot;,&quot;size&quot;:&quot;&quot;,&quot;sizes&quot;:[]},&quot;element_pack_global_tooltip_width_mobile&quot;:{&quot;unit&quot;:&quot;px&quot;,&quot;size&quot;:&quot;&quot;,&quot;sizes&quot;:[]},&quot;element_pack_global_tooltip_padding&quot;:{&quot;unit&quot;:&quot;px&quot;,&quot;top&quot;:&quot;&quot;,&quot;right&quot;:&quot;&quot;,&quot;bottom&quot;:&quot;&quot;,&quot;left&quot;:&quot;&quot;,&quot;isLinked&quot;:true},&quot;element_pack_global_tooltip_padding_tablet&quot;:{&quot;unit&quot;:&quot;px&quot;,&quot;top&quot;:&quot;&quot;,&quot;right&quot;:&quot;&quot;,&quot;bottom&quot;:&quot;&quot;,&quot;left&quot;:&quot;&quot;,&quot;isLinked&quot;:true},&quot;element_pack_global_tooltip_padding_mobile&quot;:{&quot;unit&quot;:&quot;px&quot;,&quot;top&quot;:&quot;&quot;,&quot;right&quot;:&quot;&quot;,&quot;bottom&quot;:&quot;&quot;,&quot;left&quot;:&quot;&quot;,&quot;isLinked&quot;:true},&quot;element_pack_global_tooltip_border_radius&quot;:{&quot;unit&quot;:&quot;px&quot;,&quot;top&quot;:&quot;&quot;,&quot;right&quot;:&quot;&quot;,&quot;bottom&quot;:&quot;&quot;,&quot;left&quot;:&quot;&quot;,&quot;isLinked&quot;:true},&quot;element_pack_global_tooltip_border_radius_tablet&quot;:{&quot;unit&quot;:&quot;px&quot;,&quot;top&quot;:&quot;&quot;,&quot;right&quot;:&quot;&quot;,&quot;bottom&quot;:&quot;&quot;,&quot;left&quot;:&quot;&quot;,&quot;isLinked&quot;:true},&quot;element_pack_global_tooltip_border_radius_mobile&quot;:{&quot;unit&quot;:&quot;px&quot;,&quot;top&quot;:&quot;&quot;,&quot;right&quot;:&quot;&quot;,&quot;bottom&quot;:&quot;&quot;,&quot;left&quot;:&quot;&quot;,&quot;isLinked&quot;:true}}\" data-elementor-post-type=\"page\">\n\t\t\t\t\t\t<section class=\"elementor-section elementor-top-section elementor-element elementor-element-de84de5 elementor-section-height-min-height elementor-section-stretched elementor-section-items-bottom elementor-section-boxed elementor-section-height-default\" data-id=\"de84de5\" data-element_type=\"section\" data-e-type=\"section\" data-settings=\"{&quot;stretch_section&quot;:&quot;section-stretched&quot;,&quot;background_background&quot;:&quot;classic&quot;,&quot;_ha_eqh_enable&quot;:false,&quot;ekit_has_onepagescroll_dot&quot;:&quot;yes&quot;}\">\n\t\t\t\t\t\t\t<div class=\"elementor-background-overlay\"><\/div>\n\t\t\t\t\t\t\t<div class=\"elementor-container elementor-column-gap-default\">\n\t\t\t\t\t<div class=\"elementor-column elementor-col-100 elementor-top-column elementor-element elementor-element-6b28ffd\" data-id=\"6b28ffd\" data-element_type=\"column\" data-e-type=\"column\">\n\t\t\t<div class=\"elementor-widget-wrap elementor-element-populated\">\n\t\t\t\t\t\t<div class=\"elementor-element elementor-element-510cfbc elementor-widget elementor-widget-heading\" data-id=\"510cfbc\" data-element_type=\"widget\" data-e-type=\"widget\" data-settings=\"{&quot;_animation_mobile&quot;:&quot;fadeInUp&quot;,&quot;ekit_we_effect_on&quot;:&quot;none&quot;}\" data-widget_type=\"heading.default\">\n\t\t\t\t<div class=\"elementor-widget-container\">\n\t\t\t\t\t<h1 class=\"elementor-heading-title elementor-size-default\">Fotograf &amp; Media<\/h1>\t\t\t\t<\/div>\n\t\t\t\t<\/div>\n\t\t\t\t<div class=\"elementor-element elementor-element-edfadba elementor-widget elementor-widget-text-editor\" data-id=\"edfadba\" data-element_type=\"widget\" data-e-type=\"widget\" data-settings=\"{&quot;_animation_mobile&quot;:&quot;fadeInUp&quot;,&quot;ekit_we_effect_on&quot;:&quot;none&quot;}\" data-widget_type=\"text-editor.default\">\n\t\t\t\t<div class=\"elementor-widget-container\">\n\t\t\t\t\t\t\t\t\t<p>Professionell fotografering och mediatj\u00e4nster skr\u00e4ddarsydda f\u00f6r att f\u00e5nga dina unika \u00f6gonblick.<\/p>\t\t\t\t\t\t\t\t<\/div>\n\t\t\t\t<\/div>\n\t\t\t\t\t<\/div>\n\t\t<\/div>\n\t\t\t\t\t<\/div>\n\t\t<\/section>\n\t\t\t\t<section class=\"elementor-section elementor-top-section elementor-element elementor-element-af7146a elementor-section-full_width elementor-section-height-min-height elementor-section-stretched elementor-section-height-default elementor-section-items-middle\" data-id=\"af7146a\" data-element_type=\"section\" data-e-type=\"section\" data-settings=\"{&quot;stretch_section&quot;:&quot;section-stretched&quot;,&quot;_ha_eqh_enable&quot;:false,&quot;ekit_has_onepagescroll_dot&quot;:&quot;yes&quot;}\">\n\t\t\t\t\t\t<div class=\"elementor-container elementor-column-gap-default\">\n\t\t\t\t\t<div class=\"elementor-column elementor-col-100 elementor-top-column elementor-element elementor-element-7414086\" data-id=\"7414086\" data-element_type=\"column\" data-e-type=\"column\">\n\t\t\t<div class=\"elementor-widget-wrap elementor-element-populated\">\n\t\t\t\t\t\t<section class=\"elementor-section elementor-inner-section elementor-element elementor-element-23a0e7f elementor-section-full_width elementor-section-height-default elementor-section-height-default\" data-id=\"23a0e7f\" data-element_type=\"section\" data-e-type=\"section\" data-settings=\"{&quot;_ha_eqh_enable&quot;:false,&quot;ekit_has_onepagescroll_dot&quot;:&quot;yes&quot;}\">\n\t\t\t\t\t\t<div class=\"elementor-container elementor-column-gap-default\">\n\t\t\t\t\t<div class=\"elementor-column elementor-col-50 elementor-inner-column elementor-element elementor-element-e000bb6\" data-id=\"e000bb6\" data-element_type=\"column\" data-e-type=\"column\">\n\t\t\t<div class=\"elementor-widget-wrap elementor-element-populated\">\n\t\t\t\t\t\t<div class=\"elementor-element elementor-element-c9b94c1 elementor-widget elementor-widget-heading\" data-id=\"c9b94c1\" data-element_type=\"widget\" data-e-type=\"widget\" data-settings=\"{&quot;ekit_we_effect_on&quot;:&quot;none&quot;}\" data-widget_type=\"heading.default\">\n\t\t\t\t<div class=\"elementor-widget-container\">\n\t\t\t\t\t<h2 class=\"elementor-heading-title elementor-size-default\">F\u00e5nga livets \u00f6gonblick med professionella medietj\u00e4nster<\/h2>\t\t\t\t<\/div>\n\t\t\t\t<\/div>\n\t\t\t\t<div class=\"elementor-element elementor-element-bfd1612 elementor-widget elementor-widget-text-editor\" data-id=\"bfd1612\" data-element_type=\"widget\" data-e-type=\"widget\" data-settings=\"{&quot;ekit_we_effect_on&quot;:&quot;none&quot;}\" data-widget_type=\"text-editor.default\">\n\t\t\t\t<div class=\"elementor-widget-container\">\n\t\t\t\t\t\t\t\t\t<p>P\u00e5 Webbagenten \u00e4r vi stolta \u00f6ver att tillhandah\u00e5lla h\u00f6gkvalitativa foto- och mediatj\u00e4nster som f\u00f6rverkligar din vision. Oavsett om du beh\u00f6ver minnesv\u00e4rd h\u00e4ndelsebevakning, dynamiska portr\u00e4tt eller f\u00e4ngslande videor, \u00e4r v\u00e5rt team dedikerade till att leverera exceptionella resultat f\u00f6r varje tillf\u00e4lle. Fr\u00e5n fotografering bakom kulisserna till att skapa inneh\u00e5ll i sociala medier, vi erbjuder en rad tj\u00e4nster som \u00e4r skr\u00e4ddarsydda f\u00f6r att m\u00f6ta dina behov och s\u00e4kerst\u00e4lla att din historia ber\u00e4ttas vackert genom varje bild och ram.<\/p>\t\t\t\t\t\t\t\t<\/div>\n\t\t\t\t<\/div>\n\t\t\t\t\t<\/div>\n\t\t<\/div>\n\t\t\t\t<div class=\"elementor-column elementor-col-50 elementor-inner-column elementor-element elementor-element-9fe8edb\" data-id=\"9fe8edb\" data-element_type=\"column\" data-e-type=\"column\">\n\t\t\t<div class=\"elementor-widget-wrap elementor-element-populated\">\n\t\t\t\t\t\t<div data-ha-element-link=\"{&quot;url&quot;:&quot;http:\\\/\\\/stylisten.nu&quot;,&quot;is_external&quot;:&quot;&quot;,&quot;nofollow&quot;:&quot;&quot;}\" style=\"cursor: pointer\" class=\"elementor-element elementor-element-653f0e0 elementor-widget elementor-widget-image\" data-id=\"653f0e0\" data-element_type=\"widget\" data-e-type=\"widget\" data-settings=\"{&quot;ekit_we_effect_on&quot;:&quot;none&quot;}\" data-widget_type=\"image.default\">\n\t\t\t\t<div class=\"elementor-widget-container\">\n\t\t\t\t\t\t\t\t\t\t\t\t\t\t\t<img fetchpriority=\"high\" decoding=\"async\" width=\"750\" height=\"500\" src=\"https:\/\/webbagenten.se\/wp-content\/uploads\/2024\/09\/Var-Vision-och-Vara-Varderingar-3.png\" class=\"attachment-large size-large wp-image-9659\" alt=\"\" srcset=\"https:\/\/webbagenten.se\/wp-content\/uploads\/2024\/09\/Var-Vision-och-Vara-Varderingar-3.png 750w, https:\/\/webbagenten.se\/wp-content\/uploads\/2024\/09\/Var-Vision-och-Vara-Varderingar-3-300x200.png 300w, https:\/\/webbagenten.se\/wp-content\/uploads\/2024\/09\/Var-Vision-och-Vara-Varderingar-3-18x12.png 18w\" sizes=\"(max-width: 750px) 100vw, 750px\" title=\"\">\t\t\t\t\t\t\t\t\t\t\t\t\t\t\t<\/div>\n\t\t\t\t<\/div>\n\t\t\t\t\t<\/div>\n\t\t<\/div>\n\t\t\t\t\t<\/div>\n\t\t<\/section>\n\t\t\t\t<section class=\"elementor-section elementor-inner-section elementor-element elementor-element-07deb1f elementor-section-full_width elementor-section-height-min-height elementor-section-height-default\" data-id=\"07deb1f\" data-element_type=\"section\" data-e-type=\"section\" data-settings=\"{&quot;_ha_eqh_enable&quot;:false,&quot;ekit_has_onepagescroll_dot&quot;:&quot;yes&quot;}\">\n\t\t\t\t\t\t<div class=\"elementor-container elementor-column-gap-default\">\n\t\t\t\t\t<div class=\"elementor-column elementor-col-100 elementor-inner-column elementor-element elementor-element-c84f055\" data-id=\"c84f055\" data-element_type=\"column\" data-e-type=\"column\">\n\t\t\t<div class=\"elementor-widget-wrap elementor-element-populated\">\n\t\t\t\t\t\t<div class=\"elementor-element elementor-element-f6a6827 elementor-position-left elementor-vertical-align-middle elementor-widget elementor-widget-image-box\" data-id=\"f6a6827\" data-element_type=\"widget\" data-e-type=\"widget\" data-settings=\"{&quot;ekit_we_effect_on&quot;:&quot;none&quot;}\" data-widget_type=\"image-box.default\">\n\t\t\t\t<div class=\"elementor-widget-container\">\n\t\t\t\t\t<div class=\"elementor-image-box-wrapper\"><figure class=\"elementor-image-box-img\"><img decoding=\"async\" width=\"500\" height=\"500\" src=\"https:\/\/webbagenten.se\/wp-content\/uploads\/2024\/09\/WEB-DESIGN-6.png\" class=\"attachment-full size-full wp-image-9679\" alt=\"\" title=\"\" srcset=\"https:\/\/webbagenten.se\/wp-content\/uploads\/2024\/09\/WEB-DESIGN-6.png 500w, https:\/\/webbagenten.se\/wp-content\/uploads\/2024\/09\/WEB-DESIGN-6-300x300.png 300w, https:\/\/webbagenten.se\/wp-content\/uploads\/2024\/09\/WEB-DESIGN-6-150x150.png 150w, https:\/\/webbagenten.se\/wp-content\/uploads\/2024\/09\/WEB-DESIGN-6-12x12.png 12w\" sizes=\"(max-width: 500px) 100vw, 500px\" \/><\/figure><div class=\"elementor-image-box-content\"><h3 class=\"elementor-image-box-title\">1.\tEventfotografering<\/h3><p class=\"elementor-image-box-description\">Fotografering f\u00f6r konferenser, f\u00f6retagsevent, m\u00e4ssor och privata evenemang.<\/p><\/div><\/div>\t\t\t\t<\/div>\n\t\t\t\t<\/div>\n\t\t\t\t<div class=\"elementor-element elementor-element-9976894 elementor-position-left elementor-vertical-align-middle elementor-widget elementor-widget-image-box\" data-id=\"9976894\" data-element_type=\"widget\" data-e-type=\"widget\" data-settings=\"{&quot;ekit_we_effect_on&quot;:&quot;none&quot;}\" data-widget_type=\"image-box.default\">\n\t\t\t\t<div class=\"elementor-widget-container\">\n\t\t\t\t\t<div class=\"elementor-image-box-wrapper\"><figure class=\"elementor-image-box-img\"><img decoding=\"async\" width=\"500\" height=\"500\" src=\"https:\/\/webbagenten.se\/wp-content\/uploads\/2024\/09\/E-HANDEL-3.png\" class=\"attachment-full size-full wp-image-9681\" alt=\"\" title=\"\" srcset=\"https:\/\/webbagenten.se\/wp-content\/uploads\/2024\/09\/E-HANDEL-3.png 500w, https:\/\/webbagenten.se\/wp-content\/uploads\/2024\/09\/E-HANDEL-3-300x300.png 300w, https:\/\/webbagenten.se\/wp-content\/uploads\/2024\/09\/E-HANDEL-3-150x150.png 150w, https:\/\/webbagenten.se\/wp-content\/uploads\/2024\/09\/E-HANDEL-3-12x12.png 12w\" sizes=\"(max-width: 500px) 100vw, 500px\" \/><\/figure><div class=\"elementor-image-box-content\"><h3 class=\"elementor-image-box-title\">2. Portr\u00e4ttfotografering p\u00e5 Event<\/h3><p class=\"elementor-image-box-description\">Professionella portr\u00e4tt p\u00e5 plats f\u00f6r deltagare och talare.<\/p><\/div><\/div>\t\t\t\t<\/div>\n\t\t\t\t<\/div>\n\t\t\t\t<div class=\"elementor-element elementor-element-e398d11 elementor-position-left elementor-vertical-align-middle elementor-widget elementor-widget-image-box\" data-id=\"e398d11\" data-element_type=\"widget\" data-e-type=\"widget\" data-settings=\"{&quot;ekit_we_effect_on&quot;:&quot;none&quot;}\" data-widget_type=\"image-box.default\">\n\t\t\t\t<div class=\"elementor-widget-container\">\n\t\t\t\t\t<div class=\"elementor-image-box-wrapper\"><figure class=\"elementor-image-box-img\"><img loading=\"lazy\" decoding=\"async\" width=\"500\" height=\"500\" src=\"https:\/\/webbagenten.se\/wp-content\/uploads\/2024\/09\/WEB-DESIGN-12.png\" class=\"attachment-full size-full wp-image-9682\" alt=\"\" title=\"\" srcset=\"https:\/\/webbagenten.se\/wp-content\/uploads\/2024\/09\/WEB-DESIGN-12.png 500w, https:\/\/webbagenten.se\/wp-content\/uploads\/2024\/09\/WEB-DESIGN-12-300x300.png 300w, https:\/\/webbagenten.se\/wp-content\/uploads\/2024\/09\/WEB-DESIGN-12-150x150.png 150w, https:\/\/webbagenten.se\/wp-content\/uploads\/2024\/09\/WEB-DESIGN-12-12x12.png 12w\" sizes=\"(max-width: 500px) 100vw, 500px\" \/><\/figure><div class=\"elementor-image-box-content\"><h3 class=\"elementor-image-box-title\">3. Videoproduktion<\/h3><p class=\"elementor-image-box-description\">Videodokumentation av event med redigering f\u00f6r marknadsf\u00f6ring eller sociala medier.\n<\/p><\/div><\/div>\t\t\t\t<\/div>\n\t\t\t\t<\/div>\n\t\t\t\t<div class=\"elementor-element elementor-element-8d4785e elementor-position-left elementor-vertical-align-middle elementor-widget elementor-widget-image-box\" data-id=\"8d4785e\" data-element_type=\"widget\" data-e-type=\"widget\" data-settings=\"{&quot;ekit_we_effect_on&quot;:&quot;none&quot;}\" data-widget_type=\"image-box.default\">\n\t\t\t\t<div class=\"elementor-widget-container\">\n\t\t\t\t\t<div class=\"elementor-image-box-wrapper\"><figure class=\"elementor-image-box-img\"><img loading=\"lazy\" decoding=\"async\" width=\"500\" height=\"500\" src=\"https:\/\/webbagenten.se\/wp-content\/uploads\/2024\/09\/E-HANDEL-4.png\" class=\"attachment-full size-full wp-image-9683\" alt=\"\" title=\"\" srcset=\"https:\/\/webbagenten.se\/wp-content\/uploads\/2024\/09\/E-HANDEL-4.png 500w, https:\/\/webbagenten.se\/wp-content\/uploads\/2024\/09\/E-HANDEL-4-300x300.png 300w, https:\/\/webbagenten.se\/wp-content\/uploads\/2024\/09\/E-HANDEL-4-150x150.png 150w, https:\/\/webbagenten.se\/wp-content\/uploads\/2024\/09\/E-HANDEL-4-12x12.png 12w\" sizes=\"(max-width: 500px) 100vw, 500px\" \/><\/figure><div class=\"elementor-image-box-content\"><h3 class=\"elementor-image-box-title\">4. Social Media Content Creation<\/h3><p class=\"elementor-image-box-description\">Skapande av foto- och videoinneh\u00e5ll i realtid f\u00f6r sociala medier under event.<\/p><\/div><\/div>\t\t\t\t<\/div>\n\t\t\t\t<\/div>\n\t\t\t\t<div class=\"elementor-element elementor-element-07aab0d elementor-position-left elementor-vertical-align-middle elementor-widget elementor-widget-image-box\" data-id=\"07aab0d\" data-element_type=\"widget\" data-e-type=\"widget\" data-settings=\"{&quot;ekit_we_effect_on&quot;:&quot;none&quot;}\" data-widget_type=\"image-box.default\">\n\t\t\t\t<div class=\"elementor-widget-container\">\n\t\t\t\t\t<div class=\"elementor-image-box-wrapper\"><figure class=\"elementor-image-box-img\"><img loading=\"lazy\" decoding=\"async\" width=\"500\" height=\"500\" src=\"https:\/\/webbagenten.se\/wp-content\/uploads\/2024\/09\/WEB-DESIGN-13.png\" class=\"attachment-full size-full wp-image-9684\" alt=\"\" title=\"\" srcset=\"https:\/\/webbagenten.se\/wp-content\/uploads\/2024\/09\/WEB-DESIGN-13.png 500w, https:\/\/webbagenten.se\/wp-content\/uploads\/2024\/09\/WEB-DESIGN-13-300x300.png 300w, https:\/\/webbagenten.se\/wp-content\/uploads\/2024\/09\/WEB-DESIGN-13-150x150.png 150w, https:\/\/webbagenten.se\/wp-content\/uploads\/2024\/09\/WEB-DESIGN-13-12x12.png 12w\" sizes=\"(max-width: 500px) 100vw, 500px\" \/><\/figure><div class=\"elementor-image-box-content\"><h3 class=\"elementor-image-box-title\">5. Behind-the-Scenes Fotografi och Video<\/h3><p class=\"elementor-image-box-description\">Dokumentation av f\u00f6rberedelserna och bakom kulisserna.\n<\/p><\/div><\/div>\t\t\t\t<\/div>\n\t\t\t\t<\/div>\n\t\t\t\t<div class=\"elementor-element elementor-element-309bc77 elementor-position-left elementor-vertical-align-middle elementor-widget elementor-widget-image-box\" data-id=\"309bc77\" data-element_type=\"widget\" data-e-type=\"widget\" data-settings=\"{&quot;ekit_we_effect_on&quot;:&quot;none&quot;}\" data-widget_type=\"image-box.default\">\n\t\t\t\t<div class=\"elementor-widget-container\">\n\t\t\t\t\t<div class=\"elementor-image-box-wrapper\"><figure class=\"elementor-image-box-img\"><img loading=\"lazy\" decoding=\"async\" width=\"500\" height=\"500\" src=\"https:\/\/webbagenten.se\/wp-content\/uploads\/2024\/09\/E-HANDEL-5.png\" class=\"attachment-full size-full wp-image-9685\" alt=\"\" title=\"\" srcset=\"https:\/\/webbagenten.se\/wp-content\/uploads\/2024\/09\/E-HANDEL-5.png 500w, https:\/\/webbagenten.se\/wp-content\/uploads\/2024\/09\/E-HANDEL-5-300x300.png 300w, https:\/\/webbagenten.se\/wp-content\/uploads\/2024\/09\/E-HANDEL-5-150x150.png 150w, https:\/\/webbagenten.se\/wp-content\/uploads\/2024\/09\/E-HANDEL-5-12x12.png 12w\" sizes=\"(max-width: 500px) 100vw, 500px\" \/><\/figure><div class=\"elementor-image-box-content\"><h3 class=\"elementor-image-box-title\">6. F\u00f6retagsfotografering f\u00f6r PR och Marknadsf\u00f6ring<\/h3><p class=\"elementor-image-box-description\">Fotografering av viktiga \u00f6gonblick och PR-material som kan anv\u00e4ndas i kampanjer.\n<\/p><\/div><\/div>\t\t\t\t<\/div>\n\t\t\t\t<\/div>\n\t\t\t\t<div class=\"elementor-element elementor-element-2017bc2 elementor-position-left elementor-vertical-align-middle elementor-widget elementor-widget-image-box\" data-id=\"2017bc2\" data-element_type=\"widget\" data-e-type=\"widget\" data-settings=\"{&quot;ekit_we_effect_on&quot;:&quot;none&quot;}\" data-widget_type=\"image-box.default\">\n\t\t\t\t<div class=\"elementor-widget-container\">\n\t\t\t\t\t<div class=\"elementor-image-box-wrapper\"><figure class=\"elementor-image-box-img\"><img loading=\"lazy\" decoding=\"async\" width=\"500\" height=\"500\" src=\"https:\/\/webbagenten.se\/wp-content\/uploads\/2024\/09\/UPDATE-3.png\" class=\"attachment-full size-full wp-image-9686\" alt=\"\" title=\"\" srcset=\"https:\/\/webbagenten.se\/wp-content\/uploads\/2024\/09\/UPDATE-3.png 500w, https:\/\/webbagenten.se\/wp-content\/uploads\/2024\/09\/UPDATE-3-300x300.png 300w, https:\/\/webbagenten.se\/wp-content\/uploads\/2024\/09\/UPDATE-3-150x150.png 150w, https:\/\/webbagenten.se\/wp-content\/uploads\/2024\/09\/UPDATE-3-12x12.png 12w\" sizes=\"(max-width: 500px) 100vw, 500px\" \/><\/figure><div class=\"elementor-image-box-content\"><h3 class=\"elementor-image-box-title\"> 7. Efterredigering och Bildbehandling<\/h3><p class=\"elementor-image-box-description\">Professionell redigering av bilder och leverans i h\u00f6g kvalitet.<\/p><\/div><\/div>\t\t\t\t<\/div>\n\t\t\t\t<\/div>\n\t\t\t\t<div class=\"elementor-element elementor-element-5adda69 elementor-position-left elementor-vertical-align-middle elementor-widget elementor-widget-image-box\" data-id=\"5adda69\" data-element_type=\"widget\" data-e-type=\"widget\" data-settings=\"{&quot;ekit_we_effect_on&quot;:&quot;none&quot;}\" data-widget_type=\"image-box.default\">\n\t\t\t\t<div class=\"elementor-widget-container\">\n\t\t\t\t\t<div class=\"elementor-image-box-wrapper\"><figure class=\"elementor-image-box-img\"><img loading=\"lazy\" decoding=\"async\" width=\"500\" height=\"500\" src=\"https:\/\/webbagenten.se\/wp-content\/uploads\/2024\/09\/REPORT-1.png\" class=\"attachment-full size-full wp-image-9687\" alt=\"\" title=\"\" srcset=\"https:\/\/webbagenten.se\/wp-content\/uploads\/2024\/09\/REPORT-1.png 500w, https:\/\/webbagenten.se\/wp-content\/uploads\/2024\/09\/REPORT-1-300x300.png 300w, https:\/\/webbagenten.se\/wp-content\/uploads\/2024\/09\/REPORT-1-150x150.png 150w, https:\/\/webbagenten.se\/wp-content\/uploads\/2024\/09\/REPORT-1-12x12.png 12w\" sizes=\"(max-width: 500px) 100vw, 500px\" \/><\/figure><div class=\"elementor-image-box-content\"><h3 class=\"elementor-image-box-title\"> 8. Event Highlights Video<\/h3><p class=\"elementor-image-box-description\">Kortare, dynamiska videor med h\u00f6jdpunkter fr\u00e5n eventet, perfekt f\u00f6r\u00a0marknadsf\u00f6ring.<\/p><\/div><\/div>\t\t\t\t<\/div>\n\t\t\t\t<\/div>\n\t\t\t\t<div class=\"elementor-element elementor-element-dcb9c72 elementor-widget elementor-widget-text-editor\" data-id=\"dcb9c72\" data-element_type=\"widget\" data-e-type=\"widget\" data-settings=\"{&quot;ekit_we_effect_on&quot;:&quot;none&quot;}\" data-widget_type=\"text-editor.default\">\n\t\t\t\t<div class=\"elementor-widget-container\">\n\t\t\t\t\t\t\t\t\t<p>\u00c4r du redo att g\u00f6ra en anm\u00e4rkningsv\u00e4rd markering b\u00e5de online och offline? Kontakta oss, l\u00e5t oss samarbeta och ge ditt varum\u00e4rke eller personliga resa liv!<\/p>\t\t\t\t\t\t\t\t<\/div>\n\t\t\t\t<\/div>\n\t\t\t\t<div class=\"elementor-element elementor-element-d0dbfa3 elementor-align-center elementor-widget elementor-widget-button\" data-id=\"d0dbfa3\" data-element_type=\"widget\" data-e-type=\"widget\" data-settings=\"{&quot;ekit_we_effect_on&quot;:&quot;none&quot;}\" data-widget_type=\"button.default\">\n\t\t\t\t<div class=\"elementor-widget-container\">\n\t\t\t\t\t\t\t\t\t<div class=\"elementor-button-wrapper\">\n\t\t\t\t\t<a class=\"elementor-button elementor-button-link elementor-size-sm\" href=\"https:\/\/webbagenten.se\/kontakta-oss\/\">\n\t\t\t\t\t\t<span class=\"elementor-button-content-wrapper\">\n\t\t\t\t\t\t\t\t\t<span class=\"elementor-button-text\">KONTAKTA OSS<\/span>\n\t\t\t\t\t<\/span>\n\t\t\t\t\t<\/a>\n\t\t\t\t<\/div>\n\t\t\t\t\t\t\t\t<\/div>\n\t\t\t\t<\/div>\n\t\t\t\t\t<\/div>\n\t\t<\/div>\n\t\t\t\t\t<\/div>\n\t\t<\/section>\n\t\t\t\t\t<\/div>\n\t\t<\/div>\n\t\t\t\t\t<\/div>\n\t\t<\/section>\n\t\t\t\t<\/div>","protected":false},"excerpt":{"rendered":"<p>Fotograf &#038; Media Professionell fotografering och mediatj\u00e4nster skr\u00e4ddarsydda f\u00f6r att f\u00e5nga dina unika \u00f6gonblick. F\u00e5nga livets \u00f6gonblick med professionella medietj\u00e4nster [&hellip;]<\/p>\n","protected":false},"author":1,"featured_media":0,"parent":0,"menu_order":0,"comment_status":"closed","ping_status":"closed","template":"","meta":{"site-sidebar-layout":"no-sidebar","site-content-layout":"","ast-site-content-layout":"full-width-container","site-content-style":"default","site-sidebar-style":"default","ast-global-header-display":"","ast-banner-title-visibility":"","ast-main-header-display":"","ast-hfb-above-header-display":"","ast-hfb-below-header-display":"","ast-hfb-mobile-header-display":"","site-post-title":"disabled","ast-breadcrumbs-content":"","ast-featured-img":"disabled","footer-sml-layout":"","ast-disable-related-posts":"","theme-transparent-header-meta":"","adv-header-id-meta":"","stick-header-meta":"","header-above-stick-meta":"","header-main-stick-meta":"","header-below-stick-meta":"","astra-migrate-meta-layouts":"default","ast-page-background-enabled":"default","ast-page-background-meta":{"desktop":{"background-color":"var(--ast-global-color-4)","background-image":"","background-repeat":"repeat","background-position":"center center","background-size":"auto","background-attachment":"scroll","background-type":"","background-media":"","overlay-type":"","overlay-color":"","overlay-opacity":"","overlay-gradient":""},"tablet":{"background-color":"","background-image":"","background-repeat":"repeat","background-position":"center center","background-size":"auto","background-attachment":"scroll","background-type":"","background-media":"","overlay-type":"","overlay-color":"","overlay-opacity":"","overlay-gradient":""},"mobile":{"background-color":"","background-image":"","background-repeat":"repeat","background-position":"center center","background-size":"auto","background-attachment":"scroll","background-type":"","background-media":"","overlay-type":"","overlay-color":"","overlay-opacity":"","overlay-gradient":""}},"ast-content-background-meta":{"desktop":{"background-color":"var(--ast-global-color-5)","background-image":"","background-repeat":"repeat","background-position":"center center","background-size":"auto","background-attachment":"scroll","background-type":"","background-media":"","overlay-type":"","overlay-color":"","overlay-opacity":"","overlay-gradient":""},"tablet":{"background-color":"var(--ast-global-color-5)","background-image":"","background-repeat":"repeat","background-position":"center center","background-size":"auto","background-attachment":"scroll","background-type":"","background-media":"","overlay-type":"","overlay-color":"","overlay-opacity":"","overlay-gradient":""},"mobile":{"background-color":"var(--ast-global-color-5)","background-image":"","background-repeat":"repeat","background-position":"center center","background-size":"auto","background-attachment":"scroll","background-type":"","background-media":"","overlay-type":"","overlay-color":"","overlay-opacity":"","overlay-gradient":""}},"footnotes":""},"class_list":["post-9625","page","type-page","status-publish","hentry"],"_links":{"self":[{"href":"https:\/\/webbagenten.se\/en\/wp-json\/wp\/v2\/pages\/9625","targetHints":{"allow":["GET"]}}],"collection":[{"href":"https:\/\/webbagenten.se\/en\/wp-json\/wp\/v2\/pages"}],"about":[{"href":"https:\/\/webbagenten.se\/en\/wp-json\/wp\/v2\/types\/page"}],"author":[{"embeddable":true,"href":"https:\/\/webbagenten.se\/en\/wp-json\/wp\/v2\/users\/1"}],"replies":[{"embeddable":true,"href":"https:\/\/webbagenten.se\/en\/wp-json\/wp\/v2\/comments?post=9625"}],"version-history":[{"count":52,"href":"https:\/\/webbagenten.se\/en\/wp-json\/wp\/v2\/pages\/9625\/revisions"}],"predecessor-version":[{"id":9702,"href":"https:\/\/webbagenten.se\/en\/wp-json\/wp\/v2\/pages\/9625\/revisions\/9702"}],"wp:attachment":[{"href":"https:\/\/webbagenten.se\/en\/wp-json\/wp\/v2\/media?parent=9625"}],"curies":[{"name":"wp","href":"https:\/\/api.w.org\/{rel}","templated":true}]}}